{"id":1531,"date":"2025-12-03T17:52:24","date_gmt":"2025-12-03T17:52:24","guid":{"rendered":"https:\/\/wpcriandosites.com\/wilson\/?page_id=1531"},"modified":"2026-01-26T15:29:31","modified_gmt":"2026-01-26T15:29:31","slug":"curriculo","status":"publish","type":"page","link":"https:\/\/wpcriandosites.com\/wilson\/curriculo\/","title":{"rendered":"Especialistas"},"content":{"rendered":"\t\t<div data-elementor-type=\"wp-page\" data-elementor-id=\"1531\" class=\"elementor elementor-1531\">\n\t\t\t\t<div class=\"elementor-element elementor-element-230bfd1b e-con-full e-flex wpr-particle-no wpr-jarallax-no wpr-parallax-no wpr-sticky-section-no wpr-column-slider-no wpr-equal-height-no e-con e-parent\" data-id=\"230bfd1b\" data-element_type=\"container\" data-e-type=\"container\">\n\t\t<div class=\"elementor-element elementor-element-6aae9961 e-con-full e-flex wpr-particle-no wpr-jarallax-no wpr-parallax-no wpr-sticky-section-no wpr-column-slider-no wpr-equal-height-no elementor-invisible e-con e-child\" data-id=\"6aae9961\" data-element_type=\"container\" data-e-type=\"container\" data-settings=\"{&quot;animation&quot;:&quot;fadeIn&quot;}\">\n\t\t\t\t<div class=\"elementor-element elementor-element-39cb6cf4 elementor-widget elementor-widget-heading\" data-id=\"39cb6cf4\" data-element_type=\"widget\" data-e-type=\"widget\" data-widget_type=\"heading.default\">\n\t\t\t\t\t<h2 class=\"elementor-heading-title elementor-size-default\">\nQuem faz acontecer \n<\/h2>\t\t\t\t<\/div>\n\t\t\t\t<div class=\"elementor-element elementor-element-3de3ecc9 elementor-widget-divider--view-line elementor-widget elementor-widget-divider\" data-id=\"3de3ecc9\" data-element_type=\"widget\" data-e-type=\"widget\" data-widget_type=\"divider.default\">\n\t\t\t\t\t\t\t<div class=\"elementor-divider\">\n\t\t\t<span class=\"elementor-divider-separator\">\n\t\t\t\t\t\t<\/span>\n\t\t<\/div>\n\t\t\t\t\t\t<\/div>\n\t\t\t\t<div class=\"elementor-element elementor-element-5150dd50 elementor-position-left elementor-vertical-align-middle elementor-widget elementor-widget-image-box\" data-id=\"5150dd50\" data-element_type=\"widget\" data-e-type=\"widget\" data-widget_type=\"image-box.default\">\n\t\t\t\t\t<div class=\"elementor-image-box-wrapper\"><figure class=\"elementor-image-box-img\"><img fetchpriority=\"high\" decoding=\"async\" width=\"800\" height=\"800\" src=\"https:\/\/wpcriandosites.com\/wilson\/wp-content\/uploads\/2025\/11\/Design-sem-nome-6.png\" class=\"attachment-full size-full wp-image-1444\" alt=\"\" srcset=\"https:\/\/wpcriandosites.com\/wilson\/wp-content\/uploads\/2025\/11\/Design-sem-nome-6.png 800w, https:\/\/wpcriandosites.com\/wilson\/wp-content\/uploads\/2025\/11\/Design-sem-nome-6-300x300.png 300w, https:\/\/wpcriandosites.com\/wilson\/wp-content\/uploads\/2025\/11\/Design-sem-nome-6-150x150.png 150w, https:\/\/wpcriandosites.com\/wilson\/wp-content\/uploads\/2025\/11\/Design-sem-nome-6-768x768.png 768w\" sizes=\"(max-width: 800px) 100vw, 800px\" \/><\/figure><div class=\"elementor-image-box-content\"><h3 class=\"elementor-image-box-title\">Wilson Santos  <\/h3><p class=\"elementor-image-box-description\">Fundador<\/br>\n\nContador, Administrador e Especialista em Controladoria, Instrumentos Financeiros Derivativos e Hedge Accounting. <\/p><\/div><\/div>\t\t\t\t<\/div>\n\t\t\t\t<div class=\"elementor-element elementor-element-7624e916 elementor-widget elementor-widget-text-editor\" data-id=\"7624e916\" data-element_type=\"widget\" data-e-type=\"widget\" data-widget_type=\"text-editor.default\">\n\t\t\t\t\t\t\t\t\t<p>\u00a0<\/p><p>Profissional com mais de 20 anos de experi\u00eancia nas \u00e1reas de Contabilidade e Controladoria, com atua\u00e7\u00e3o em diversos segmentos como farmac\u00eautico, presta\u00e7\u00e3o de servi\u00e7os e, nos \u00faltimos 16 anos, em multinacionais de grande porte do agroneg\u00f3cio, como Cofco (China), Adecoagro (Argentina) e Agrenco (Fran\u00e7a). Possui viv\u00eancia abrangente em opera\u00e7\u00f5es de usinas de a\u00e7\u00facar (<em>Sugar Mills<\/em>), gr\u00e3os e \u00f3leos (G&amp;O) e estruturas corporativas.<\/p><p>\u00c9 p\u00f3s-graduado em Mercado Financeiro e de Capitais, com gradua\u00e7\u00e3o em Ci\u00eancias Cont\u00e1beis e Administra\u00e7\u00e3o Financeira pela Universidade Metodista de S\u00e3o Paulo (UMESP).<\/p><p>Ao longo da carreira, desenvolveu s\u00f3lida experi\u00eancia com instrumentos financeiros derivativos, implementa\u00e7\u00e3o de Hedge Accounting e amplo dom\u00ednio das normas IFRS. Atua com profici\u00eancia em diversos aspectos cont\u00e1beis, incluindo reportes financeiros, demonstra\u00e7\u00f5es de resultado (P&amp;L), consolida\u00e7\u00e3o, fus\u00f5es e cis\u00f5es, ativos biol\u00f3gicos, ativo imobilizado, conting\u00eancias, dep\u00f3sitos judiciais, opera\u00e7\u00f5es <em>intercompany<\/em>, folha de pagamento, impostos e tesouraria. Possui expertise na reestrutura\u00e7\u00e3o de processos, marca\u00e7\u00e3o a mercado de produtos agr\u00edcolas (MTM), gest\u00e3o de moeda funcional (real e d\u00f3lar), reavalia\u00e7\u00e3o cambial de balan\u00e7os (<em>\u201cTranslation\u201d<\/em>) e implementa\u00e7\u00e3o de Balance Sheet Exposure.<\/p><p>Participa ativamente de projetos complexos de implanta\u00e7\u00e3o e reimplanta\u00e7\u00e3o de ERPs em grandes companhias, com experi\u00eancia nos principais sistemas do mercado como SAP, Datasul e Oracle. Foi l\u00edder dos m\u00f3dulos FI e CO na implanta\u00e7\u00e3o do SAP S\/4HANA Global, conduzindo o redesenho de estruturas de Plano de Contas, Filiais, Opera\u00e7\u00f5es Intercompany, Centro de Lucro e Custo, reportes via BPC, Hyperion e processos cont\u00e1beis em geral, alinhados \u00e0s mudan\u00e7as metodol\u00f3gicas dos sistemas.<\/p><p>Participou de processos de Due Diligence e reorganiza\u00e7\u00e3o societ\u00e1ria, al\u00e9m de atuar de forma cont\u00ednua como refer\u00eancia no relacionamento com auditorias externas \u2014 incluindo os principais <em>players<\/em> do mercado, como Deloitte, EY, PwC, KPMG, BDO e Grant Thornton \u2014 bem como em auditorias internas (globais e locais), conformidade com SOX e elabora\u00e7\u00e3o de reportes ITR para a CVM.<\/p><p>Com forte atua\u00e7\u00e3o em projetos globais, lidera equipes dedicadas com foco em metas, desenvolvimento e motiva\u00e7\u00e3o. \u00c9 um negociador habilidoso, flex\u00edvel e com excelente capacidade de gest\u00e3o em situa\u00e7\u00f5es complexas, destacando-se pela comunica\u00e7\u00e3o eficaz com clientes internos e externos. Mant\u00e9m uma ampla rede de relacionamentos no ambiente profissional em que atua.<\/p><p>Perfil h\u00e1bil, flex\u00edvel, anal\u00edtico e objetivo, com \u00eanfase no controle em situa\u00e7\u00f5es complexas. Possui habilidades na gest\u00e3o de grandes equipes multidisciplinares nas \u00e1reas de especialidade.<\/p>\t\t\t\t\t\t\t\t<\/div>\n\t\t\t\t<\/div>\n\t\t<div class=\"elementor-element elementor-element-f376817 e-con-full e-flex wpr-particle-no wpr-jarallax-no wpr-parallax-no wpr-sticky-section-no wpr-column-slider-no wpr-equal-height-no elementor-invisible e-con e-child\" data-id=\"f376817\" data-element_type=\"container\" data-e-type=\"container\" data-settings=\"{&quot;animation&quot;:&quot;fadeIn&quot;}\">\n\t\t\t\t<div class=\"elementor-element elementor-element-683cc37 elementor-position-left elementor-vertical-align-middle elementor-widget elementor-widget-image-box\" data-id=\"683cc37\" data-element_type=\"widget\" data-e-type=\"widget\" data-widget_type=\"image-box.default\">\n\t\t\t\t\t<div class=\"elementor-image-box-wrapper\"><figure class=\"elementor-image-box-img\"><img decoding=\"async\" width=\"800\" height=\"800\" src=\"https:\/\/wpcriandosites.com\/wilson\/wp-content\/uploads\/2025\/11\/Design-sem-nome-5.png\" class=\"attachment-full size-full wp-image-1445\" alt=\"\" srcset=\"https:\/\/wpcriandosites.com\/wilson\/wp-content\/uploads\/2025\/11\/Design-sem-nome-5.png 800w, https:\/\/wpcriandosites.com\/wilson\/wp-content\/uploads\/2025\/11\/Design-sem-nome-5-300x300.png 300w, https:\/\/wpcriandosites.com\/wilson\/wp-content\/uploads\/2025\/11\/Design-sem-nome-5-150x150.png 150w, https:\/\/wpcriandosites.com\/wilson\/wp-content\/uploads\/2025\/11\/Design-sem-nome-5-768x768.png 768w\" sizes=\"(max-width: 800px) 100vw, 800px\" \/><\/figure><div class=\"elementor-image-box-content\"><h3 class=\"elementor-image-box-title\">Vanessa Ongaratto<\/h3><p class=\"elementor-image-box-description\">Especialista em Controladoria <\/br>Contadora e Assessora especializada em Processos Cont\u00e1beis, Automa\u00e7\u00e3o de Processos e Sistemas de Gest\u00e3o (ERP).<\/p><\/div><\/div>\t\t\t\t<\/div>\n\t\t\t\t<div class=\"elementor-element elementor-element-57a9503 elementor-widget elementor-widget-text-editor\" data-id=\"57a9503\" data-element_type=\"widget\" data-e-type=\"widget\" data-widget_type=\"text-editor.default\">\n\t\t\t\t\t\t\t\t\t<p>Possui mais de 15 anos de experi\u00eancia em Contabilidade, com atua\u00e7\u00e3o em empresas nacionais e multinacionais de grande porte, como Dattos S.A., COFCO International, Americanflex, Geneseas Aquacultura e UNIRP.\u00a0<\/p><p>\u00c9 Contadora, graduada em Ci\u00eancias Cont\u00e1beis pela UNIRP e possui forma\u00e7\u00e3o em Tecnologia da Informa\u00e7\u00e3o em Neg\u00f3cios pela FATEC.<\/p><p>Participou de projetos estrat\u00e9gicos corporativos, com destaque para iniciativas de concilia\u00e7\u00e3o cont\u00e1bil que reestruturaram e automatizaram processos patrimoniais em ambientes multinacionais, al\u00e9m de projetos voltados \u00e0 integra\u00e7\u00e3o e consist\u00eancia de dados cont\u00e1beis, envolvendo sistemas como TOTVS Datasul e SAP.<\/p><p>Atuou como Consultora de Implanta\u00e7\u00e3o S\u00eanior, liderando a automa\u00e7\u00e3o de concilia\u00e7\u00f5es, c\u00e1lculos e relat\u00f3rios cont\u00e1beis em grandes grupos empresariais. Atualmente, atua como Consultora Cont\u00e1bil e de Sistemas ERP, apoiando empresas na implanta\u00e7\u00e3o de rotinas de fechamento, automa\u00e7\u00e3o e compliance.<\/p><p>Possui um perfil h\u00e1bil, flex\u00edvel e anal\u00edtico, com forte \u00eanfase no controle em ambientes de dados complexos. Sua atua\u00e7\u00e3o \u00e9 marcada pela capacidade de gest\u00e3o de projetos de sistemas e pela habilidade interpessoal com equipes multidisciplinares em suas \u00e1reas de especialidade.<\/p>\t\t\t\t\t\t\t\t<\/div>\n\t\t\t\t<\/div>\n\t\t\t\t<\/div>\n\t\t\t\t<section class=\"elementor-section elementor-top-section elementor-element elementor-element-43a4cf500 elementor-section-boxed elementor-section-height-default elementor-section-height-default wpr-particle-no wpr-jarallax-no wpr-parallax-no wpr-sticky-section-no wpr-column-slider-no wpr-equal-height-no\" data-id=\"43a4cf500\" data-element_type=\"section\" data-e-type=\"section\">\n\t\t\t\t\t\t<div class=\"elementor-container elementor-column-gap-default\">\n\t\t\t\t\t<div class=\"elementor-column elementor-col-100 elementor-top-column elementor-element elementor-element-ef17fa2 elementor-invisible\" data-id=\"ef17fa2\" data-element_type=\"column\" data-e-type=\"column\" data-settings=\"{&quot;animation&quot;:&quot;fadeIn&quot;}\">\n\t\t\t<div class=\"elementor-widget-wrap elementor-element-populated\">\n\t\t\t\t\t\t<div class=\"elementor-element elementor-element-29bf118 elementor-widget__width-initial elementor-widget elementor-widget-heading\" data-id=\"29bf118\" data-element_type=\"widget\" data-e-type=\"widget\" data-widget_type=\"heading.default\">\n\t\t\t\t\t<h2 class=\"elementor-heading-title elementor-size-default\">Resultado dos nossos trabalhos<\/h2>\t\t\t\t<\/div>\n\t\t\t\t<div class=\"elementor-element elementor-element-490de34 elementor-widget elementor-widget-text-editor\" data-id=\"490de34\" data-element_type=\"widget\" data-e-type=\"widget\" data-widget_type=\"text-editor.default\">\n\t\t\t\t\t\t\t\t\t<p><strong>\u00a0<\/strong><\/p><p><strong>Redu\u00e7\u00e3o de volatilidade:<\/strong> Harmoniza\u00e7\u00e3o dos efeitos cont\u00e1beis nas demonstra\u00e7\u00f5es financeiras, promovendo maior estabilidade nos resultados apresentados.<\/p><p><strong>Gest\u00e3o de Riscos<\/strong>: Mitiga\u00e7\u00e3o de riscos de mercado, como flutua\u00e7\u00f5es nos pre\u00e7os de commodities e varia\u00e7\u00f5es cambiais, assegurando a correta contabiliza\u00e7\u00e3o e prote\u00e7\u00e3o financeira.<\/p><p><strong>Previsibilidade dos resultados<\/strong>: Atendimento \u00e0s normas cont\u00e1beis e regulamenta\u00e7\u00f5es vigentes, reduzindo riscos legais e evitando penalidades.<\/p><p><strong>Transpar\u00eancia e confiabilidade:<\/strong> Melhor gest\u00e3o de riscos e governan\u00e7a corporativa.<\/p><p><strong>Conformidade regulat\u00f3ria<\/strong>: Atendimento \u00e0s normas cont\u00e1beis e regulamenta\u00e7\u00f5es vigentes, reduzindo riscos legais e evitando penalidades.<\/p><p><strong>Competitividade:<\/strong> Gest\u00e3o estrat\u00e9gica de riscos que permite \u00e0s empresas se destacarem em mercados vol\u00e1teis, concentrando esfor\u00e7os na atividade principal.<\/p><p><strong>Planejamento e An\u00e1lise Financeira<\/strong>: Otimiza\u00e7\u00e3o de recursos, suporte \u00e0 tomada de decis\u00f5es estrat\u00e9gicas e maior precis\u00e3o no planejamento financeiro, resultando em efici\u00eancia operacional e vantagem competitiva.<\/p>\t\t\t\t\t\t\t\t<\/div>\n\t\t\t\t\t<\/div>\n\t\t<\/div>\n\t\t\t\t\t<\/div>\n\t\t<\/section>\n\t\t\t\t<\/div>\n\t\t","protected":false},"excerpt":{"rendered":"<p>Quem faz acontecer Wilson Santos Fundador Contador, Administrador e Especialista em Controladoria, Instrumentos Financeiros Derivativos e Hedge Accounting. \u00a0 Profissional com mais de 20 anos de experi\u00eancia nas \u00e1reas de Contabilidade e Controladoria, com atua\u00e7\u00e3o em diversos segmentos como farmac\u00eautico, presta\u00e7\u00e3o de servi\u00e7os e, nos \u00faltimos 16 anos, em multinacionais de grande porte do agroneg\u00f3cio, como Cofco (China), Adecoagro (Argentina) e Agrenco (Fran\u00e7a). Possui viv\u00eancia abrangente em opera\u00e7\u00f5es de usinas de a\u00e7\u00facar (Sugar Mills), gr\u00e3os e \u00f3leos (G&amp;O) e estruturas corporativas. \u00c9 p\u00f3s-graduado em Mercado Financeiro e de Capitais, com gradua\u00e7\u00e3o em Ci\u00eancias Cont\u00e1beis e Administra\u00e7\u00e3o Financeira pela Universidade Metodista de S\u00e3o Paulo (UMESP). Ao longo da carreira, desenvolveu s\u00f3lida experi\u00eancia com instrumentos financeiros derivativos, implementa\u00e7\u00e3o de Hedge Accounting e amplo dom\u00ednio das normas IFRS. Atua com profici\u00eancia em diversos aspectos cont\u00e1beis, incluindo reportes financeiros, demonstra\u00e7\u00f5es de resultado (P&amp;L), consolida\u00e7\u00e3o, fus\u00f5es e cis\u00f5es, ativos biol\u00f3gicos, ativo imobilizado, conting\u00eancias, dep\u00f3sitos judiciais, opera\u00e7\u00f5es intercompany, folha de pagamento, impostos e tesouraria. Possui expertise na reestrutura\u00e7\u00e3o de processos, marca\u00e7\u00e3o a mercado de produtos agr\u00edcolas (MTM), gest\u00e3o de moeda funcional (real e d\u00f3lar), reavalia\u00e7\u00e3o cambial de balan\u00e7os (\u201cTranslation\u201d) e implementa\u00e7\u00e3o de Balance Sheet Exposure. Participa ativamente de projetos complexos de implanta\u00e7\u00e3o e reimplanta\u00e7\u00e3o de ERPs em grandes companhias, com experi\u00eancia nos principais sistemas do mercado como SAP, Datasul e Oracle. Foi l\u00edder dos m\u00f3dulos FI e CO na implanta\u00e7\u00e3o do SAP S\/4HANA Global, conduzindo o redesenho de estruturas de Plano de Contas, Filiais, Opera\u00e7\u00f5es Intercompany, Centro de Lucro e Custo, reportes via BPC, Hyperion e processos cont\u00e1beis em geral, alinhados \u00e0s mudan\u00e7as metodol\u00f3gicas dos sistemas. Participou de processos de Due Diligence e reorganiza\u00e7\u00e3o societ\u00e1ria, al\u00e9m de atuar de forma cont\u00ednua como refer\u00eancia no relacionamento com auditorias externas \u2014 incluindo os principais players do mercado, como Deloitte, EY, PwC, KPMG, BDO e Grant Thornton \u2014 bem como em auditorias internas (globais e locais), conformidade com SOX e elabora\u00e7\u00e3o de reportes ITR para a CVM. Com forte atua\u00e7\u00e3o em projetos globais, lidera equipes dedicadas com foco em metas, desenvolvimento e motiva\u00e7\u00e3o. \u00c9 um negociador habilidoso, flex\u00edvel e com excelente capacidade de gest\u00e3o em situa\u00e7\u00f5es complexas, destacando-se pela comunica\u00e7\u00e3o eficaz com clientes internos e externos. Mant\u00e9m uma ampla rede de relacionamentos no ambiente profissional em que atua. Perfil h\u00e1bil, flex\u00edvel, anal\u00edtico e objetivo, com \u00eanfase no controle em situa\u00e7\u00f5es complexas. Possui habilidades na gest\u00e3o de grandes equipes multidisciplinares nas \u00e1reas de especialidade. Vanessa Ongaratto Especialista em Controladoria Contadora e Assessora especializada em Processos Cont\u00e1beis, Automa\u00e7\u00e3o de Processos e Sistemas de Gest\u00e3o (ERP). Possui mais de 15 anos de experi\u00eancia em Contabilidade, com atua\u00e7\u00e3o em empresas nacionais e multinacionais de grande porte, como Dattos S.A., COFCO International, Americanflex, Geneseas Aquacultura e UNIRP.\u00a0 \u00c9 Contadora, graduada em Ci\u00eancias Cont\u00e1beis pela UNIRP e possui forma\u00e7\u00e3o em Tecnologia da Informa\u00e7\u00e3o em Neg\u00f3cios pela FATEC. Participou de projetos estrat\u00e9gicos corporativos, com destaque para iniciativas de concilia\u00e7\u00e3o cont\u00e1bil que reestruturaram e automatizaram processos patrimoniais em ambientes multinacionais, al\u00e9m de projetos voltados \u00e0 integra\u00e7\u00e3o e consist\u00eancia de dados cont\u00e1beis, envolvendo sistemas como TOTVS Datasul e SAP. Atuou como Consultora de Implanta\u00e7\u00e3o S\u00eanior, liderando a automa\u00e7\u00e3o de concilia\u00e7\u00f5es, c\u00e1lculos e relat\u00f3rios cont\u00e1beis em grandes grupos empresariais. Atualmente, atua como Consultora Cont\u00e1bil e de Sistemas ERP, apoiando empresas na implanta\u00e7\u00e3o de rotinas de fechamento, automa\u00e7\u00e3o e compliance. Possui um perfil h\u00e1bil, flex\u00edvel e anal\u00edtico, com forte \u00eanfase no controle em ambientes de dados complexos. Sua atua\u00e7\u00e3o \u00e9 marcada pela capacidade de gest\u00e3o de projetos de sistemas e pela habilidade interpessoal com equipes multidisciplinares em suas \u00e1reas de especialidade. Resultado dos nossos trabalhos \u00a0 Redu\u00e7\u00e3o de volatilidade: Harmoniza\u00e7\u00e3o dos efeitos cont\u00e1beis nas demonstra\u00e7\u00f5es financeiras, promovendo maior estabilidade nos resultados apresentados. Gest\u00e3o de Riscos: Mitiga\u00e7\u00e3o de riscos de mercado, como flutua\u00e7\u00f5es nos pre\u00e7os de commodities e varia\u00e7\u00f5es cambiais, assegurando a correta contabiliza\u00e7\u00e3o e prote\u00e7\u00e3o financeira. Previsibilidade dos resultados: Atendimento \u00e0s normas cont\u00e1beis e regulamenta\u00e7\u00f5es vigentes, reduzindo riscos legais e evitando penalidades. Transpar\u00eancia e confiabilidade: Melhor gest\u00e3o de riscos e governan\u00e7a corporativa. Conformidade regulat\u00f3ria: Atendimento \u00e0s normas cont\u00e1beis e regulamenta\u00e7\u00f5es vigentes, reduzindo riscos legais e evitando penalidades. Competitividade: Gest\u00e3o estrat\u00e9gica de riscos que permite \u00e0s empresas se destacarem em mercados vol\u00e1teis, concentrando esfor\u00e7os na atividade principal. Planejamento e An\u00e1lise Financeira: Otimiza\u00e7\u00e3o de recursos, suporte \u00e0 tomada de decis\u00f5es estrat\u00e9gicas e maior precis\u00e3o no planejamento financeiro, resultando em efici\u00eancia operacional e vantagem competitiva.<\/p>\n","protected":false},"author":1,"featured_media":0,"parent":0,"menu_order":0,"comment_status":"closed","ping_status":"closed","template":"elementor_header_footer","meta":{"footnotes":""},"class_list":["post-1531","page","type-page","status-publish","hentry"],"_hostinger_reach_plugin_has_subscription_block":false,"_hostinger_reach_plugin_is_elementor":false,"_links":{"self":[{"href":"https:\/\/wpcriandosites.com\/wilson\/wp-json\/wp\/v2\/pages\/1531","targetHints":{"allow":["GET"]}}],"collection":[{"href":"https:\/\/wpcriandosites.com\/wilson\/wp-json\/wp\/v2\/pages"}],"about":[{"href":"https:\/\/wpcriandosites.com\/wilson\/wp-json\/wp\/v2\/types\/page"}],"author":[{"embeddable":true,"href":"https:\/\/wpcriandosites.com\/wilson\/wp-json\/wp\/v2\/users\/1"}],"replies":[{"embeddable":true,"href":"https:\/\/wpcriandosites.com\/wilson\/wp-json\/wp\/v2\/comments?post=1531"}],"version-history":[{"count":72,"href":"https:\/\/wpcriandosites.com\/wilson\/wp-json\/wp\/v2\/pages\/1531\/revisions"}],"predecessor-version":[{"id":2128,"href":"https:\/\/wpcriandosites.com\/wilson\/wp-json\/wp\/v2\/pages\/1531\/revisions\/2128"}],"wp:attachment":[{"href":"https:\/\/wpcriandosites.com\/wilson\/wp-json\/wp\/v2\/media?parent=1531"}],"curies":[{"name":"wp","href":"https:\/\/api.w.org\/{rel}","templated":true}]}}