{"id":9,"date":"2025-05-30T17:15:24","date_gmt":"2025-05-30T17:15:24","guid":{"rendered":"https:\/\/wpcriandosites.com\/imobiliaria\/?page_id=9"},"modified":"2025-07-03T15:23:09","modified_gmt":"2025-07-03T15:23:09","slug":"sobre-nos","status":"publish","type":"page","link":"https:\/\/wpcriandosites.com\/imobiliaria\/sobre-nos\/","title":{"rendered":"Sobre"},"content":{"rendered":"\t\t<div data-elementor-type=\"wp-page\" data-elementor-id=\"9\" class=\"elementor elementor-9\" data-elementor-post-type=\"page\">\n\t\t\t\t\t\t<section class=\"elementor-section elementor-top-section elementor-element elementor-element-3e020650 elementor-section-boxed elementor-section-height-default elementor-section-height-default wpr-particle-no wpr-jarallax-no wpr-parallax-no wpr-sticky-section-no\" data-id=\"3e020650\" data-element_type=\"section\">\n\t\t\t\t\t\t<div class=\"elementor-container elementor-column-gap-default\">\n\t\t\t\t\t<div class=\"elementor-column elementor-col-50 elementor-top-column elementor-element elementor-element-82aee33\" data-id=\"82aee33\" data-element_type=\"column\">\n\t\t\t<div class=\"elementor-widget-wrap elementor-element-populated\">\n\t\t\t\t\t\t<div class=\"elementor-element elementor-element-d68f33f elementor-widget elementor-widget-heading\" data-id=\"d68f33f\" data-element_type=\"widget\" data-widget_type=\"heading.default\">\n\t\t\t\t<div class=\"elementor-widget-container\">\n\t\t\t\t\t<h2 class=\"elementor-heading-title elementor-size-default\">LCL Neg\u00f3cios Imobili\u00e1rios Ltda.<\/h2>\t\t\t\t<\/div>\n\t\t\t\t<\/div>\n\t\t\t\t<div class=\"elementor-element elementor-element-19225374 elementor-widget elementor-widget-text-editor\" data-id=\"19225374\" data-element_type=\"widget\" data-widget_type=\"text-editor.default\">\n\t\t\t\t<div class=\"elementor-widget-container\">\n\t\t\t\t\t\t\t\t\t<p data-start=\"214\" data-end=\"506\">A hist\u00f3ria da LCL Neg\u00f3cios Imobili\u00e1rios Ltda sempre foi marcada por princ\u00edpios de seriedade, credibilidade, honestidade e abnega\u00e7\u00e3o. Atuamos h\u00e1 mais de 24 anos visando proporcionar aos nossos clientes excelentes oportunidades de investimento e a realiza\u00e7\u00e3o do sonho da casa pr\u00f3pria.<\/p><p data-start=\"508\" data-end=\"864\">Com pensamento estrat\u00e9gico e foco constante na satisfa\u00e7\u00e3o e na qualidade de vida de seus clientes, a LCL Neg\u00f3cios Imobili\u00e1rios Ltda iniciou suas atividades em 19 de abril de 2001. Seu fundador foi credenciado no CRECI\/AL \u2013 22\u00aa Regi\u00e3o em 05 de agosto de 1980. Nosso <strong data-start=\"773\" data-end=\"781\">foco<\/strong> sempre foi a busca cont\u00ednua pela qualifica\u00e7\u00e3o e aprimoramento dos nossos servi\u00e7os.<\/p><p data-start=\"866\" data-end=\"1142\">Ao longo de nossa trajet\u00f3ria, a LCL esteve presente na vida de muitos clientes e ajudou a construir in\u00fameras hist\u00f3rias. Com \u00e9tica, integridade, responsabilidade e muito trabalho, contribu\u00edmos para a realiza\u00e7\u00e3o de sonhos e acompanhamos de perto a felicidade de muitas fam\u00edlias.<\/p><p data-start=\"1144\" data-end=\"1202\"><strong data-start=\"1144\" data-end=\"1202\">LCL Neg\u00f3cios Imobili\u00e1rios Ltda \u2013 Feita para aproximar.<\/strong><\/p>\t\t\t\t\t\t\t\t<\/div>\n\t\t\t\t<\/div>\n\t\t\t\t\t<\/div>\n\t\t<\/div>\n\t\t\t\t<div class=\"elementor-column elementor-col-50 elementor-top-column elementor-element elementor-element-61084040\" data-id=\"61084040\" data-element_type=\"column\">\n\t\t\t<div class=\"elementor-widget-wrap elementor-element-populated\">\n\t\t\t\t\t\t<div class=\"elementor-element elementor-element-e809937 elementor-widget elementor-widget-heading\" data-id=\"e809937\" data-element_type=\"widget\" data-widget_type=\"heading.default\">\n\t\t\t\t<div class=\"elementor-widget-container\">\n\t\t\t\t\t<h2 class=\"elementor-heading-title elementor-size-default\">Informa\u00e7\u00f5es Importantes<\/h2>\t\t\t\t<\/div>\n\t\t\t\t<\/div>\n\t\t\t\t<div class=\"elementor-element elementor-element-0324861 elementor-widget elementor-widget-text-editor\" data-id=\"0324861\" data-element_type=\"widget\" data-widget_type=\"text-editor.default\">\n\t\t\t\t<div class=\"elementor-widget-container\">\n\t\t\t\t\t\t\t\t\t<p>Luis Carlos Lira Wanderley<br \/>Corretor de Im\u00f3veis Avaliador<br \/>Creci n\u00b0 204 &#8211; 22\u00aa Regi\u00e3o (Alagoas)<br \/>Cadastro Nacional de Avaliadores de Im\u00f3veis (CNAI) N\u00ba 01061<br \/>Pra\u00e7a Batista Acioly, 43 \u2013 Centro \u2013 Maragogi-AL<br \/>Fone: 82-99982-2638 &#8211; E-mail: imovelmaragogi@gmail.com<\/p><p>CRECI 204 22\u00ba REGI\u00c3O\/AL<\/p><p>CRECI 1083<\/p>\t\t\t\t\t\t\t\t<\/div>\n\t\t\t\t<\/div>\n\t\t\t\t\t<\/div>\n\t\t<\/div>\n\t\t\t\t\t<\/div>\n\t\t<\/section>\n\t\t<div class=\"elementor-element elementor-element-8cb6ddb e-flex e-con-boxed wpr-particle-no wpr-jarallax-no wpr-parallax-no wpr-sticky-section-no e-con e-parent\" data-id=\"8cb6ddb\" data-element_type=\"container\">\n\t\t\t\t\t<div class=\"e-con-inner\">\n\t\t\t\t\t<\/div>\n\t\t\t\t<\/div>\n\t\t\t\t<\/div>\n\t\t","protected":false},"excerpt":{"rendered":"<p>LCL Neg\u00f3cios Imobili\u00e1rios Ltda. A hist\u00f3ria da LCL Neg\u00f3cios Imobili\u00e1rios Ltda sempre foi marcada por princ\u00edpios de seriedade, credibilidade, honestidade e abnega\u00e7\u00e3o. Atuamos h\u00e1 mais de 24 anos visando proporcionar aos nossos clientes excelentes oportunidades de investimento e a realiza\u00e7\u00e3o do sonho da casa pr\u00f3pria. Com pensamento estrat\u00e9gico e foco constante na satisfa\u00e7\u00e3o e na qualidade de vida de seus clientes, a LCL Neg\u00f3cios Imobili\u00e1rios Ltda iniciou suas atividades em 19 de abril de 2001. Seu fundador foi credenciado no CRECI\/AL \u2013 22\u00aa Regi\u00e3o em 05 de agosto de 1980. Nosso foco sempre foi a busca cont\u00ednua pela qualifica\u00e7\u00e3o e aprimoramento dos nossos servi\u00e7os. Ao longo de nossa trajet\u00f3ria, a LCL esteve presente na vida de muitos clientes e ajudou a construir in\u00fameras hist\u00f3rias. Com \u00e9tica, integridade, responsabilidade e muito trabalho, contribu\u00edmos para a realiza\u00e7\u00e3o de sonhos e acompanhamos de perto a felicidade de muitas fam\u00edlias. LCL Neg\u00f3cios Imobili\u00e1rios Ltda \u2013 Feita para aproximar. Informa\u00e7\u00f5es Importantes Luis Carlos Lira WanderleyCorretor de Im\u00f3veis AvaliadorCreci n\u00b0 204 &#8211; 22\u00aa Regi\u00e3o (Alagoas)Cadastro Nacional de Avaliadores de Im\u00f3veis (CNAI) N\u00ba 01061Pra\u00e7a Batista Acioly, 43 \u2013 Centro \u2013 Maragogi-ALFone: 82-99982-2638 &#8211; E-mail: imovelmaragogi@gmail.com CRECI 204 22\u00ba REGI\u00c3O\/AL CRECI 1083<\/p>\n","protected":false},"author":1,"featured_media":0,"parent":0,"menu_order":0,"comment_status":"closed","ping_status":"closed","template":"elementor_header_footer","meta":{"_acf_changed":false,"_joinchat":[],"footnotes":""},"class_list":["post-9","page","type-page","status-publish","hentry"],"acf":[],"_links":{"self":[{"href":"https:\/\/wpcriandosites.com\/imobiliaria\/wp-json\/wp\/v2\/pages\/9","targetHints":{"allow":["GET"]}}],"collection":[{"href":"https:\/\/wpcriandosites.com\/imobiliaria\/wp-json\/wp\/v2\/pages"}],"about":[{"href":"https:\/\/wpcriandosites.com\/imobiliaria\/wp-json\/wp\/v2\/types\/page"}],"author":[{"embeddable":true,"href":"https:\/\/wpcriandosites.com\/imobiliaria\/wp-json\/wp\/v2\/users\/1"}],"replies":[{"embeddable":true,"href":"https:\/\/wpcriandosites.com\/imobiliaria\/wp-json\/wp\/v2\/comments?post=9"}],"version-history":[{"count":38,"href":"https:\/\/wpcriandosites.com\/imobiliaria\/wp-json\/wp\/v2\/pages\/9\/revisions"}],"predecessor-version":[{"id":573,"href":"https:\/\/wpcriandosites.com\/imobiliaria\/wp-json\/wp\/v2\/pages\/9\/revisions\/573"}],"wp:attachment":[{"href":"https:\/\/wpcriandosites.com\/imobiliaria\/wp-json\/wp\/v2\/media?parent=9"}],"curies":[{"name":"wp","href":"https:\/\/api.w.org\/{rel}","templated":true}]}}